{"id":1189,"date":"2020-05-26T14:45:28","date_gmt":"2020-05-26T18:45:28","guid":{"rendered":"https:\/\/fcfn.flywheelsites.com\/fonds-darchives\/"},"modified":"2020-05-28T01:17:25","modified_gmt":"2020-05-28T05:17:25","slug":"archival-fonds","status":"publish","type":"page","link":"https:\/\/fcfn.ca\/en\/archival-fonds\/","title":{"rendered":"Archival fonds"},"content":{"rendered":"\t\t<div data-elementor-type=\"wp-page\" data-elementor-id=\"1189\" class=\"elementor elementor-1189 elementor-1048\" data-elementor-post-type=\"page\">\n\t\t\t\t\t\t<section class=\"elementor-section elementor-top-section elementor-element elementor-element-8f34ab3 elementor-section-boxed elementor-section-height-default elementor-section-height-default\" data-id=\"8f34ab3\" data-element_type=\"section\">\n\t\t\t\t\t\t<div class=\"elementor-container elementor-column-gap-default\">\n\t\t\t\t\t<div class=\"elementor-column elementor-col-100 elementor-top-column elementor-element elementor-element-47194e3\" data-id=\"47194e3\" data-element_type=\"column\">\n\t\t\t<div class=\"elementor-widget-wrap elementor-element-populated\">\n\t\t\t\t\t\t<div class=\"elementor-element elementor-element-67f2a15 elementor-widget elementor-widget-heading\" data-id=\"67f2a15\" data-element_type=\"widget\" data-widget_type=\"heading.default\">\n\t\t\t\t<div class=\"elementor-widget-container\">\n\t\t\t\t\t<h1 class=\"elementor-heading-title elementor-size-default\">Archives<\/h1>\t\t\t\t<\/div>\n\t\t\t\t<\/div>\n\t\t\t\t<div class=\"elementor-element elementor-element-37d3722 elementor-widget elementor-widget-heading\" data-id=\"37d3722\" data-element_type=\"widget\" data-widget_type=\"heading.default\">\n\t\t\t\t<div class=\"elementor-widget-container\">\n\t\t\t\t\t<h2 class=\"elementor-heading-title elementor-size-default\">Archival fonds<\/h2>\t\t\t\t<\/div>\n\t\t\t\t<\/div>\n\t\t\t\t\t<\/div>\n\t\t<\/div>\n\t\t\t\t\t<\/div>\n\t\t<\/section>\n\t\t\t\t<section class=\"elementor-section elementor-top-section elementor-element elementor-element-8d2d657 elementor-section-boxed elementor-section-height-default elementor-section-height-default\" data-id=\"8d2d657\" data-element_type=\"section\">\n\t\t\t\t\t\t<div class=\"elementor-container elementor-column-gap-default\">\n\t\t\t\t\t<div class=\"elementor-column elementor-col-100 elementor-top-column elementor-element elementor-element-3c3c64d\" data-id=\"3c3c64d\" data-element_type=\"column\" data-settings=\"{&quot;background_background&quot;:&quot;classic&quot;}\">\n\t\t\t<div class=\"elementor-widget-wrap elementor-element-populated\">\n\t\t\t\t\t\t<section class=\"elementor-section elementor-inner-section elementor-element elementor-element-ac74950 elementor-section-boxed elementor-section-height-default elementor-section-height-default\" data-id=\"ac74950\" data-element_type=\"section\">\n\t\t\t\t\t\t<div class=\"elementor-container elementor-column-gap-wider\">\n\t\t\t\t\t<div class=\"elementor-column elementor-col-50 elementor-inner-column elementor-element elementor-element-dc702cb\" data-id=\"dc702cb\" data-element_type=\"column\">\n\t\t\t<div class=\"elementor-widget-wrap elementor-element-populated\">\n\t\t\t\t\t\t<div class=\"elementor-element elementor-element-0913bdc elementor-widget elementor-widget-text-editor\" data-id=\"0913bdc\" data-element_type=\"widget\" data-widget_type=\"text-editor.default\">\n\t\t\t\t<div class=\"elementor-widget-container\">\n\t\t\t\t\t\t\t\t\t<h5>Fonds Fernand Nault \u2013 <em>Biblioth\u00e8que et<\/em> <em>Archives nationales du Qu\u00e9bec<\/em> (BAnQ)<\/h5><p><strong>Description<\/strong><\/p><p>The \u201cfonds\u201d relates to Fernand Nault&#8217;s artistic activities, notably as assistant director and choreographer at Les Grands Ballets Canadiens, dancer, ballet master and stage manager at The American Ballet Theater. It bears witness to his participation in teaching ballet to youth and the awards and honors he has received during his career. The \u201cfonds\u201d includes, among others, correspondence, including letters from Ludmilla Chiriaeff, Maurice and Carmen Morenoff, Jacqueline Kennedy; handwritten notes from his productions and choreographies; transcripts of interviews; press clippings of ballets presented by different ballet companies; tour itineraries; certificates attesting to the awards received; photographs of Fernand Nault&#8217;s personal life and tours of the United States and Europe. This collection also includes drawings including filmmaker Norman McLaren and costume designer Judanna Lynn, as well as audio-visual and audio recordings of ballets choreographed by Fernand Nault.<\/p><p>The \u201cfonds\u201d is divided into eight series:<\/p><p>S1 Personal life, S2 Dance companies, S3 Choreography, S4 Ballet teaching, S5 Honors, S6 Photographs, S7 Drawings, S8 Audiovisual and audio documents<\/p><p><strong>Additional sources<\/strong><\/p><p>Models of sets and costumes were donated to Bilbioth\u00e8que de la danse Vincent-Warren. The show programs and posters are sent to the National Collection and will be available via the Iris catalog.<\/p><p><strong>Conservation history<\/strong><\/p><p>This \u201cfonds\u201d was acquired from Fernand Nault in January 2006. Additional documents were given by Fonds choregraphique Fernand Nault in 2011.<\/p><p><a href=\"https:\/\/advitam.banq.qc.ca\/notice\/619337\">Fonds Fernand Nault &#8211; BAnQ<\/a><\/p><h5>\u00a0<\/h5>\t\t\t\t\t\t\t\t<\/div>\n\t\t\t\t<\/div>\n\t\t\t\t\t<\/div>\n\t\t<\/div>\n\t\t\t\t<div class=\"elementor-column elementor-col-50 elementor-inner-column elementor-element elementor-element-2979073\" data-id=\"2979073\" data-element_type=\"column\">\n\t\t\t<div class=\"elementor-widget-wrap elementor-element-populated\">\n\t\t\t\t\t\t<div class=\"elementor-element elementor-element-309a1a7 elementor-widget elementor-widget-text-editor\" data-id=\"309a1a7\" data-element_type=\"widget\" data-widget_type=\"text-editor.default\">\n\t\t\t\t<div class=\"elementor-widget-container\">\n\t\t\t\t\t\t\t\t\t<h5>Fonds Fernand Nault &#8211; Biblioth\u00e8que de la danse Vincent-Warren\u00a0(BDVW)<\/h5><p><strong>Description<\/strong><\/p><p>The archival collection is dedicated to dancer and choreographer Fernand Nault. It covers his artistic activity from his dance training years in Montreal in the 1930s until his death in 2006. His activities as a dancer, rehearsal director, assistant director and choreographer with various companies such as the American Ballet Theater, Louisville Civic Ballet, Les Grands Ballets Canadiens, Colorado Ballet and Dayton Ballet Company are documented. The documents were directly acquired from the artist and supplemented by several isolated documents from the collection of Biblioth\u00e8que de la danse Vincent-Warren. In addition to these documents, which have been incorporated into the archives, the BDVW collection contains an abundance of documents which make it possible to complete a research on Fernand Nault. In particular, the numerous programs and posters of the Grands Ballets Canadiens which bear witness to its vast choreographic repertoire for this company. Through numerous photographs, models of costumes and sets, programs, correspondence, press clippings and annotated musical scores, 60 years of life devoted to dance are documented here.<\/p><p>The fonds is divided into four series:<\/p><p><a href=\"https:\/\/bibliodanse.ca\/Record.htm?record=10180889124929080619\">S1 : VIE PERSONNELLE<\/a><br \/><a href=\"https:\/\/bibliodanse.ca\/Record.htm?record=10180881124929080639\">S2 : ANN\u00c9ES DE FORMATION ET PREMI\u00c8RES EXP\u00c9RIENCES SUR SC\u00c8NE \u00c0 MONTR\u00c9AL<\/a><br \/><a href=\"https:\/\/bibliodanse.ca\/Record.htm?record=10180896124929080789\">S3 : CARRI\u00c8RE DE DANSEUR, R\u00c9GISSEUR ET MA\u00ceTRE DE BALLET \u00c0 BALLET THEATRE [1944-1965]<\/a><br \/><a href=\"https:\/\/bibliodanse.ca\/Record.htm?record=10292305124920105879\">S4 : CARRI\u00c8RE DE CHOR\u00c9GRAPHE ET DIRECTEUR ARTISTIQUE [1959-198?]<\/a><\/p><p>Additional sources<\/p><p><a href=\"https:\/\/bibliodanse.ca\/Record.htm?&amp;record=10134895124929520779\">\u2013 Fiche portfolio de Fernand Nault avec liste de ses oeuvres chor\u00e9graphiques ;<\/a>\u00a0<\/p><p><a href=\"https:\/\/bibliodanse.ca\/Record.htm?&amp;record=10183126124929013089\">\u2013 Extraits vid\u00e9o d\u2019oeuvres de Fernand Nault ;<\/a><\/p><p><a href=\"https:\/\/bibliodanse.ca\/Record.htm?&amp;record=10170778124929989509\">\u2013 Fernand Nault dans les collections num\u00e9ris\u00e9es.<\/a><\/p><p>Conservation history<\/p><p>This fund was acquired by donation from Mr. Fernand Nault in 2001.<\/p><p><a href=\"https:\/\/bibliodanse.ca\/Record.htm?record=10134895124929520779\">Fonds Fernand Nault &#8211; BDVW<\/a><\/p>\t\t\t\t\t\t\t\t<\/div>\n\t\t\t\t<\/div>\n\t\t\t\t\t<\/div>\n\t\t<\/div>\n\t\t\t\t\t<\/div>\n\t\t<\/section>\n\t\t\t\t\t<\/div>\n\t\t<\/div>\n\t\t\t\t\t<\/div>\n\t\t<\/section>\n\t\t\t\t<\/div>\n\t\t","protected":false},"excerpt":{"rendered":"<p>Archives Archival fonds Fonds Fernand Nault \u2013 Biblioth\u00e8que et Archives nationales du Qu\u00e9bec (BAnQ) Description The \u201cfonds\u201d relates to Fernand Nault&#8217;s artistic activities, notably as assistant director and choreographer at Les Grands Ballets Canadiens, dancer, ballet master and stage manager at The American Ballet Theater. It bears witness to his participation in teaching ballet to [&hellip;]<\/p>\n","protected":false},"author":2,"featured_media":0,"parent":0,"menu_order":0,"comment_status":"closed","ping_status":"closed","template":"","meta":{"_acf_changed":false,"footnotes":"","_wp_rev_ctl_limit":""},"class_list":["post-1189","page","type-page","status-publish","hentry"],"acf":[],"_links":{"self":[{"href":"https:\/\/fcfn.ca\/en\/wp-json\/wp\/v2\/pages\/1189","targetHints":{"allow":["GET"]}}],"collection":[{"href":"https:\/\/fcfn.ca\/en\/wp-json\/wp\/v2\/pages"}],"about":[{"href":"https:\/\/fcfn.ca\/en\/wp-json\/wp\/v2\/types\/page"}],"author":[{"embeddable":true,"href":"https:\/\/fcfn.ca\/en\/wp-json\/wp\/v2\/users\/2"}],"replies":[{"embeddable":true,"href":"https:\/\/fcfn.ca\/en\/wp-json\/wp\/v2\/comments?post=1189"}],"version-history":[{"count":0,"href":"https:\/\/fcfn.ca\/en\/wp-json\/wp\/v2\/pages\/1189\/revisions"}],"wp:attachment":[{"href":"https:\/\/fcfn.ca\/en\/wp-json\/wp\/v2\/media?parent=1189"}],"curies":[{"name":"wp","href":"https:\/\/api.w.org\/{rel}","templated":true}]}}