{"id":1209,"date":"2020-05-26T14:46:23","date_gmt":"2020-05-26T18:46:23","guid":{"rendered":"https:\/\/fcfn.flywheelsites.com\/references\/"},"modified":"2022-08-29T10:47:06","modified_gmt":"2022-08-29T14:47:06","slug":"documents-de-references","status":"publish","type":"page","link":"https:\/\/fcfn.ca\/en\/documents-de-references\/","title":{"rendered":"References"},"content":{"rendered":"\t\t<div data-elementor-type=\"wp-page\" data-elementor-id=\"1209\" class=\"elementor elementor-1209 elementor-1052\" data-elementor-post-type=\"page\">\n\t\t\t\t\t\t<section class=\"elementor-section elementor-top-section elementor-element elementor-element-c1cba49 elementor-section-boxed elementor-section-height-default elementor-section-height-default\" data-id=\"c1cba49\" data-element_type=\"section\">\n\t\t\t\t\t\t<div class=\"elementor-container elementor-column-gap-default\">\n\t\t\t\t\t<div class=\"elementor-column elementor-col-100 elementor-top-column elementor-element elementor-element-e693c65\" data-id=\"e693c65\" data-element_type=\"column\">\n\t\t\t<div class=\"elementor-widget-wrap elementor-element-populated\">\n\t\t\t\t\t\t<div class=\"elementor-element elementor-element-b0cb9f2 elementor-widget elementor-widget-heading\" data-id=\"b0cb9f2\" data-element_type=\"widget\" data-widget_type=\"heading.default\">\n\t\t\t\t<div class=\"elementor-widget-container\">\n\t\t\t\t\t<h1 class=\"elementor-heading-title elementor-size-default\">Document de r\u00e9f\u00e9rences<\/h1>\t\t\t\t<\/div>\n\t\t\t\t<\/div>\n\t\t\t\t\t<\/div>\n\t\t<\/div>\n\t\t\t\t\t<\/div>\n\t\t<\/section>\n\t\t\t\t<section class=\"elementor-section elementor-top-section elementor-element elementor-element-f8233bb elementor-section-boxed elementor-section-height-default elementor-section-height-default\" data-id=\"f8233bb\" data-element_type=\"section\">\n\t\t\t\t\t\t<div class=\"elementor-container elementor-column-gap-default\">\n\t\t\t\t\t<div class=\"elementor-column elementor-col-100 elementor-top-column elementor-element elementor-element-23d560d\" data-id=\"23d560d\" data-element_type=\"column\">\n\t\t\t<div class=\"elementor-widget-wrap elementor-element-populated\">\n\t\t\t\t\t\t<section class=\"elementor-section elementor-inner-section elementor-element elementor-element-91ee6b8 elementor-section-boxed elementor-section-height-default elementor-section-height-default\" data-id=\"91ee6b8\" data-element_type=\"section\">\n\t\t\t\t\t\t<div class=\"elementor-container elementor-column-gap-default\">\n\t\t\t\t\t<div class=\"elementor-column elementor-col-50 elementor-inner-column elementor-element elementor-element-53ecd57\" data-id=\"53ecd57\" data-element_type=\"column\">\n\t\t\t<div class=\"elementor-widget-wrap elementor-element-populated\">\n\t\t\t\t\t\t<div class=\"elementor-element elementor-element-2e09eda elementor-widget elementor-widget-text-editor\" data-id=\"2e09eda\" data-element_type=\"widget\" data-widget_type=\"text-editor.default\">\n\t\t\t\t<div class=\"elementor-widget-container\">\n\t\t\t\t\t\t\t\t\t<p><strong>Affiche \/ Poster<\/strong><\/p>\n<p><a href=\"https:\/\/fcfn.ca\/wp-content\/uploads\/2020\/06\/Kansas-City-Ballet-2006-affiche-.pdf\"><em>La Fille Mal Gard\u00e9e<\/em> (affiche 2006), February 23rd &#8211; Kansas City Ballet 2006<\/a><\/p>\n<p><strong>Articles<\/strong><\/p>\n<p><a href=\"https:\/\/fcfn.ca\/wp-content\/uploads\/2020\/10\/Canadian-Choreographer-April-26-1987-Helen-C.-Smith-Atlanta-The-Atlanta-Journal-and-Constitution.pdf\">Canadian Coreographer, April 1987, Helen C. Smith, Atlanta, The Atlanta Journal and Constitution<\/a><\/p>\n<p><a href=\"https:\/\/fcfn.ca\/wp-content\/uploads\/2020\/06\/Living-archive.pdf\">Creating a living archive, December 2005 &#8211; Pamela Newell, Toronto, The Dance Current<\/a><\/p>\n<p><a href=\"https:\/\/fcfn.ca\/wp-content\/uploads\/2020\/10\/Donner-aux-Grands-Ballets-23-jan.-1971-Marc-Samson-Quebec-Le-Soleil.pdf\">Donner aux Grands Ballets, 23 jan. 1971, Marc Samson, Qu\u00e9bec, Le Soleil<\/a><\/p>\n<p><a href=\"https:\/\/fcfn.ca\/wp-content\/uploads\/2020\/10\/Fernand-Nault-Prix-Denise-Pelletier-27-oct.-1984-Jean-Paul-Brousseau-Montreal-La-Presse.pdf\">Fernand Nault, Prix Denise-Pelletier, 27 oct. 1984, Jean-Paul Brousseau, Montr\u00e9al, La Presse<\/a><\/p>\n<p><a href=\"https:\/\/fcfn.ca\/wp-content\/uploads\/2020\/10\/Fernand-Nault-The-Author-of-15-Ballets-Myron-Galloway-Montreal-The-Gazette.pdf\">Fernand Nault, The Author of 15 Ballets, Myron Galloway, Montreal, The Gazette<\/a><\/p>\n<p><a href=\"https:\/\/fcfn.ca\/wp-content\/uploads\/2020\/06\/E\u0301.-Recurt-FERNAND-NAULT-Une-vie-en-mouvement.pdf\">Fernand Nault : Une vie en mouvement, 8 f\u00e9vrier 1999 &#8211; \u00c9lizabeth Recurt, Montr\u00e9al, Le Devoir<\/a><\/p>\n<p><a href=\"https:\/\/fcfn.ca\/wp-content\/uploads\/2022\/08\/Fernand-Nault-un-pionnier-22-08-09.pdf\">Fernand Nault, un pionnier, novembre 2019, Marie Baulieu, Montr\u00e9al<\/a><\/p>\n<p><a href=\"https:\/\/fcfn.ca\/wp-content\/uploads\/2020\/12\/Je-me-souviens-20-12-05.pdf\">Je me souviens, 27 d\u00e9cembre 2020, Gatineau<\/a><\/p>\n<p><a href=\"https:\/\/fcfn.ca\/wp-content\/uploads\/2020\/10\/Lunivers-fabuleux-de-M.-Nault-16-dec.-2000-Frederique-Doyon-Montreal-La-Presse.pdf\">L&#8217;univers fabuleux de M. Nault, 16 d\u00e9c. 2000, Fr\u00e9d\u00e9rique Doyon, Montr\u00e9al, La Presse<\/a><\/p>\n<p><a href=\"https:\/\/fcfn.ca\/wp-content\/uploads\/2020\/06\/FN-Laurence-Adams-Article-Dance-Collection-Dance.pdf\">Rediscovering Fernand Nault &#8211; Lawrence Adams, Dance Collection<\/a><\/p>\n<p><a href=\"https:\/\/fcfn.ca\/wp-content\/uploads\/2020\/10\/Une-vie-de-feerie-28-decembre-1995-Louise-Leduc-Montreal-Le-Devoir.pdf\">Une vie de f\u00e9erie, 28 d\u00e9cembre 1995, Louise Leduc, Montr\u00e9al, Le Devoir<\/a><\/p>\n<p><em><strong>Casse-Noisette \/ The Nutcracker \/ Lousk\u00e1\u010dek<\/strong><\/em><\/p>\n<p><a href=\"https:\/\/fcfn.ca\/wp-content\/uploads\/2020\/06\/A-lovely-cultural-export-The-Gazette-2009-12-12.pdf\">A lovely cultural export, December 12th 2009 &#8211; Andr\u00e9 Swoboda, Montreal, The Gazette<\/a><\/p>\n<p><a href=\"https:\/\/fcfn.ca\/wp-content\/uploads\/2020\/06\/2007-12-08.pdf\"><em>Casse-Noisette&nbsp;<\/em>: La r\u00e9f\u00e9rence en mati\u00e8re de danse, 8 d\u00e9cembre 2007 &#8211; Philippe Meilleur, Montr\u00e9al, Le Journal de Montr\u00e9al<\/a><\/p>\n<p><a href=\"https:\/\/fcfn.ca\/wp-content\/uploads\/2020\/06\/2007-dec-Casse-Noisette-Magie-de-Noel.pdf\"><em>Casse-Noisette&nbsp;<\/em>: La vraie magie de no\u00ebl &#8211; Les Grands Ballets Canadiens de Montr\u00e9al<\/a><\/p>\n<p><a href=\"https:\/\/fcfn.ca\/wp-content\/uploads\/2020\/06\/2007-12-12.pdf\"><em>Casse-Noisette<\/em>&#8230; sans Fernand Nault, 12 d\u00e9cembre 2007 &#8211; St\u00e9phanie Brody, Montr\u00e9al, La Presse<\/a><\/p>\n<p><a href=\"https:\/\/fcfn.ca\/wp-content\/uploads\/2020\/06\/2009-12-18.pdf\">De <em>Casse-Noisette<\/em> \u00e0 Luskacik, de Montr\u00e9al \u00e0 Bratislava, 18 d\u00e9cembre 2009 &#8211; Catherine Lalonde, Montr\u00e9al, Le Devoir<\/a><\/p>\n<p><strong>Chasse au tr\u00e9sor \/ Treasure Hunt<br><\/strong><\/p>\n<p><a href=\"https:\/\/fcfn.ca\/wp-content\/uploads\/2020\/12\/Guide-BAnQ-english.pdf\">Guide BAnQ english<\/a><\/p>\n<p><a href=\"https:\/\/fcfn.ca\/wp-content\/uploads\/2020\/12\/Guide-BAnQ-francais-1.pdf\">Guide BAnQ fran\u00e7ais<\/a><\/p>\n<p><a href=\"https:\/\/fcfn.ca\/wp-content\/uploads\/2022\/08\/Dance-Heritage-Pirate-Collaborators-Guide-ang.-22-08-09.pdf\">Pirates du patrimoine &#8211; Collaborator&#8217;s Guide ang.<\/a><\/p>\n<p><a href=\"https:\/\/fcfn.ca\/wp-content\/uploads\/2022\/08\/Pirate-du-patrimoine-danse-Guide-des-Collaborateurs-fr.-22-08-09.pdf\">Pirates du patrimoine &#8211; Guide des Collaborateurs fr.<\/a><\/p>\n<p><a href=\"https:\/\/fcfn.ca\/wp-content\/uploads\/2022\/08\/Dance-Heritage-Pirate-Pirates-Guide-ang.-22-08-09.pdf\">Pirates du patrimoine &#8211; Pirate&#8217;s Guide ang.<\/a><\/p>\n<p><a href=\"https:\/\/fcfn.ca\/wp-content\/uploads\/2022\/08\/Pirate-du-patrimoine-danse-Cahier-du-Pirate-fr.-22-08-09.pdf\">Pirates du patrimoine &#8211; Guide du Pirate fr.<\/a><\/p>\n<p><strong>Faire danser le patrimoine<\/strong><\/p>\n<p><a style=\"color: #0056b3; background-color: #ffffff;\" href=\"https:\/\/www.ledroit.com\/arts\/andre-laprise-faire-briller-letoile-de-fernand-nault-61f5908b42ee81a080fbd8b33756a7ee?page=1&amp;q=Fernand%20Nault%2C%20Andr%C3%A9%20Laprise&amp;size=50&amp;sort=score\">Andr\u00e9 Laprise : Faire briller l&#8217;\u00e9toile de Fernand Nault, 16 avril 2021, Yves Bergeras, Le Droit<\/a><strong><br><\/strong><\/p>\n<p><a href=\"https:\/\/lesartsze.com\/casse-noisette-et-lheritage-de-fernand-nault\/\">Casse-Noisette et l&#8217;h\u00e9ritage de Fernand Nault, 20 d\u00e9cembre 2020, Marc-Yvan Coulombe, Montr\u00e9al, Les ArtsZ\u00e9<\/a><\/p>\n<p><a href=\"https:\/\/plus.lapresse.ca\/screens\/46dafa16-96c1-46f0-808e-16637e4e1c71__7C___0.html?utm_content=email&amp;utm_source=lpp&amp;utm_medium=referral&amp;utm_campaign=internal+share\">Centenaire de naissance de Fernand Nault: Pour un patrimoine vivant, 14 ao\u00fbt 2021, Iris Gagnon Paradis, La Presse<\/a><\/p>\n<p><a href=\"https:\/\/fcfn.ca\/wp-content\/uploads\/2021\/07\/Timbre-comme\u0301moratif-fra-1.pdf\">L\u00e9gendes du ballet &#8211; Timbre comm\u00e9moratif (fran\u00e7ais)<\/a><\/p>\n<p><a href=\"https:\/\/fcfn.ca\/wp-content\/uploads\/2021\/07\/Commemorative-stamp-ang-1.pdf\">Legends of ballet &#8211; Commemorative stamp (english)<\/a><\/p>\n<p><a href=\"https:\/\/www.ledevoir.com\/culture\/danse\/592371\/danse-le-parcours-en-conte-de-fees-de-fernand-nault\">Le parcours en conte de f\u00e9es de Fernand Nault, 28 d\u00e9cembre 2020, Caroline Montpetit, Montr\u00e9al, Le Devoir<\/a><\/p>\n<p><a href=\"https:\/\/ici.radio-canada.ca\/premiere\/emissions\/Les-matins-d-ici\/episodes\/501201\/rattrapage-du-vendredi-18-decembre-2020\">Les matins d&#8217;ici : Musique &#8211; l&#8217;inspiration de Tcha\u00efkovsky pour &#8220;Casse-Noisette&#8221; (07:37), 18 d\u00e9cembre 2020, Philippe Marcoux, Ottawa, Radio-Canada<\/a><\/p>\n<p><a href=\"https:\/\/fcfn.ca\/wp-content\/uploads\/2020\/12\/Les-Grands-Ballets-Canadiens-de-Montreal.pdf\">Publication Facebook &#8211; Les Grands Ballets Canadiens, 28 d\u00e9cembre 2020<\/a><\/p>\n<p><a href=\"https:\/\/fcfn.ca\/wp-content\/uploads\/2021\/01\/Andre\u0301-Laprise-Radio-CKIA-14-jan.mp3\">Qulture &#8211; Andr\u00e9 Laprise, 14 janvier, Julie Rh\u00e9aume, Qu\u00e9bec, Radio urbaine CKIA<\/a><\/p>\n<p><a href=\"https:\/\/fcfn.ca\/wp-content\/uploads\/2020\/12\/Andre-Laprise-Canal-M-16-dec.mp3\">Regard Crois\u00e9s : Andr\u00e9 Laprise, fiduciaire, 16 d\u00e9cembre 2020, Arlette Fara et Fulgence Bla, Montr\u00e9al, Canal M<\/a><\/p>\n<p><strong>Recherches \/ Research<\/strong><\/p>\n<p><a href=\"https:\/\/fcfn.ca\/wp-content\/uploads\/2022\/08\/De-par-les-mots-22-08-09.pdf\">De par les mots, d\u00e9cembre 2020, Clara Van Doorn, Gatineau<\/a><\/p>\n<p><a href=\"https:\/\/fcfn.ca\/wp-content\/uploads\/2020\/06\/FN-Elisabeth-Recurt-Article.pdf\">Jusqu&#8217;o\u00f9 peut mener la passion, 1999 &#8211; Elisabeth Recurt<\/a><\/p>\n<p><a href=\"https:\/\/fcfn.ca\/wp-content\/uploads\/2020\/06\/Marie-Beaulieu-FERNAND-NAULT-Extrait-the\u0300se.pdf\">Panorama d\u2019une compagnie de ballet (Les Grands Ballets Canadiens, 1957-1977) :<br>la concr\u00e9tisation d\u2019une vision (extrait de la th\u00e8se), 27 novembre 2008 <\/a><a href=\"https:\/\/fcfn.ca\/wp-content\/uploads\/2020\/06\/Marie-Beaulieu-FERNAND-NAULT-Extrait-the\u0300se.pdf\">&#8211; Marie Beaulieu, PhD. UQAM<\/a><\/p>\n<p><strong>Publications<\/strong><\/p>\n<p><a href=\"https:\/\/fcfn.ca\/wp-content\/uploads\/2020\/06\/rqd_publication_patrimoine_2019_fr_web_final.pdf\">Du patrimoine de la danse au Qu\u00e9bec : \u00c9tat des lieux, perspectives et conseils pratiques, 2019 &#8211; RQD<\/a><\/p>\n<p><a href=\"https:\/\/fcfn.ca\/wp-content\/uploads\/2020\/06\/rqd_publication_patrimoine_2019_eng_web_final.pdf\">Qu\u00e9bec&#8217;s Dance Heritage: State of Affairs, Perspectives and Practical Advice, 2019 -RQD<\/a><\/p>\n<p><strong>Programme \/ Program<\/strong><\/p>\n<p><a href=\"https:\/\/fcfn.ca\/wp-content\/uploads\/2020\/10\/FN-Hommage-25-ans-Les-Grands-Ballets-Canadiens-fr.pdf\">FN Hommage 25 ans (Les Grands Ballets Canadiens) &#8211; fran\u00e7ais<\/a><\/p>\n<p><a href=\"https:\/\/fcfn.ca\/wp-content\/uploads\/2020\/10\/FN-Tribute-25-years-Les-Grands-Ballets-Canadiens-eng.pdf\">FN Tribute 25 years (Les Grands Ballets Canadiens) &#8211; english<\/a><\/p>\n<p><a href=\"https:\/\/fcfn.ca\/wp-content\/uploads\/2020\/06\/Kansas-City-ang-La-Fille-mal-gard\u00e9e-2006-01-23-.pdf\">La Fille mal gard\u00e9e (Program 2006), January 23rd &#8211; Kansas City Ballet<\/a><\/p>\n<p><a href=\"https:\/\/fcfn.ca\/wp-content\/uploads\/2020\/10\/Programme-Tommy-complet.pdf\">Programme Tommy<\/a><\/p>\n<p><strong>Documents divers \/ Other Documents<\/strong><\/p>\n<p><a href=\"https:\/\/fcfn.ca\/wp-content\/uploads\/2020\/06\/FN-Lettre-Maison-blanche.pdf\">Letter from Jacqueline Kennedy (1962) &#8211; The White House<\/a><\/p>\n<p><a href=\"https:\/\/fcfn.ca\/wp-content\/uploads\/2022\/08\/Ligne-temps-FN-FCFN-22-08-09.pdf\">Ligne de temps : Fernand Nault<\/a><\/p>\n<p><a href=\"https:\/\/artsandculture.google.com\/asset\/QQELvbkRUox6UQ?hl=en\">https:\/\/artsandculture.google.com\/asset\/QQELvbkRUox6UQ?hl=en<\/a> (Gjon Mili, 1947)<\/p>\t\t\t\t\t\t\t\t<\/div>\n\t\t\t\t<\/div>\n\t\t\t\t\t<\/div>\n\t\t<\/div>\n\t\t\t\t<div class=\"elementor-column elementor-col-50 elementor-inner-column elementor-element elementor-element-7d2fed5\" data-id=\"7d2fed5\" data-element_type=\"column\" data-settings=\"{&quot;background_background&quot;:&quot;slideshow&quot;,&quot;background_slideshow_gallery&quot;:[{&quot;id&quot;:1508,&quot;url&quot;:&quot;https:\\\/\\\/fcfn.ca\\\/wp-content\\\/uploads\\\/2020\\\/06\\\/Note-FN-ScanLTR-217x300-1.jpg&quot;}],&quot;background_slideshow_loop&quot;:&quot;yes&quot;,&quot;background_slideshow_slide_duration&quot;:5000,&quot;background_slideshow_slide_transition&quot;:&quot;fade&quot;,&quot;background_slideshow_transition_duration&quot;:500}\">\n\t\t\t<div class=\"elementor-widget-wrap\">\n\t\t\t\t\t\t\t<\/div>\n\t\t<\/div>\n\t\t\t\t\t<\/div>\n\t\t<\/section>\n\t\t\t\t\t<\/div>\n\t\t<\/div>\n\t\t\t\t\t<\/div>\n\t\t<\/section>\n\t\t\t\t<\/div>\n\t\t","protected":false},"excerpt":{"rendered":"<p>Document de r\u00e9f\u00e9rences Affiche \/ Poster La Fille Mal Gard\u00e9e (affiche 2006), February 23rd &#8211; Kansas City Ballet 2006 Articles Canadian Coreographer, April 1987, Helen C. Smith, Atlanta, The Atlanta Journal and Constitution Creating a living archive, December 2005 &#8211; Pamela Newell, Toronto, The Dance Current Donner aux Grands Ballets, 23 jan. 1971, Marc Samson, [&hellip;]<\/p>\n","protected":false},"author":2,"featured_media":0,"parent":0,"menu_order":0,"comment_status":"closed","ping_status":"closed","template":"","meta":{"_acf_changed":false,"footnotes":"","_wp_rev_ctl_limit":""},"class_list":["post-1209","page","type-page","status-publish","hentry"],"acf":[],"_links":{"self":[{"href":"https:\/\/fcfn.ca\/en\/wp-json\/wp\/v2\/pages\/1209","targetHints":{"allow":["GET"]}}],"collection":[{"href":"https:\/\/fcfn.ca\/en\/wp-json\/wp\/v2\/pages"}],"about":[{"href":"https:\/\/fcfn.ca\/en\/wp-json\/wp\/v2\/types\/page"}],"author":[{"embeddable":true,"href":"https:\/\/fcfn.ca\/en\/wp-json\/wp\/v2\/users\/2"}],"replies":[{"embeddable":true,"href":"https:\/\/fcfn.ca\/en\/wp-json\/wp\/v2\/comments?post=1209"}],"version-history":[{"count":0,"href":"https:\/\/fcfn.ca\/en\/wp-json\/wp\/v2\/pages\/1209\/revisions"}],"wp:attachment":[{"href":"https:\/\/fcfn.ca\/en\/wp-json\/wp\/v2\/media?parent=1209"}],"curies":[{"name":"wp","href":"https:\/\/api.w.org\/{rel}","templated":true}]}}